{"id":9131,"date":"2024-05-31T12:40:38","date_gmt":"2024-05-31T10:40:38","guid":{"rendered":"https:\/\/sonagre.com\/sobre-nosotros\/"},"modified":"2025-07-01T19:46:08","modified_gmt":"2025-07-01T17:46:08","slug":"sobre-nosotros","status":"publish","type":"page","link":"https:\/\/sonagre.com\/en\/sobre-nosotros\/","title":{"rendered":"About"},"content":{"rendered":"<section class=\"l-section wpb_row height_large with_img parallax_ver\" id=\"intro\"><div class=\"l-section-img\" role=\"img\" data-img-width=\"1280\" data-img-height=\"850\" style=\"background-image: url(https:\/\/sonagre.com\/wp-content\/uploads\/2024\/05\/photo_2024-04-16_11-57-51.jpg);background-position: bottom center;background-repeat: no-repeat;\"><\/div><div class=\"l-section-h i-cf\"><div class=\"g-cols vc_row via_flex valign_middle type_default stacking_default\"><div class=\"vc_col-sm-12 wpb_column vc_column_container\"><div class=\"vc_column-inner\"><div class=\"wpb_wrapper\"><div class=\"g-cols wpb_row via_flex valign_top type_default stacking_default\"><div class=\"vc_col-sm-4 wpb_column vc_column_container\"><div class=\"vc_column-inner\"><div class=\"wpb_wrapper\"><\/div><\/div><\/div><div class=\"vc_col-sm-4 wpb_column vc_column_container\"><div class=\"vc_column-inner\"><div class=\"wpb_wrapper\"><h2 class=\"w-text us_custom_d1ea0f53 has_text_color\"><span class=\"w-text-h\"><span class=\"w-text-value\">ABOUT<\/span><\/span><\/h2><div class=\"w-btn-wrapper align_center\"><a class=\"w-btn us-btn-style_19 us_custom_e352ff48 us_animate_this\" href=\"#welcome\"><span class=\"w-btn-label\">SONAGRE<\/span><\/a><\/div><\/div><\/div><\/div><div class=\"vc_col-sm-4 wpb_column vc_column_container\"><div class=\"vc_column-inner\"><div class=\"wpb_wrapper\"><\/div><\/div><\/div><\/div><\/div><\/div><\/div><\/div><\/div><\/section><section class=\"l-section wpb_row height_medium\" id=\"welcome\"><div class=\"l-section-h i-cf\"><div class=\"g-cols vc_row via_flex valign_middle type_default reversed stacking_default\" style=\"--additional-gap:10px;\"><div class=\"vc_col-sm-6 wpb_column vc_column_container\"><div class=\"vc_column-inner us_custom_de366d1c us_animate_this type_sticky\"><div class=\"wpb_wrapper\"><h2 class=\"w-text us_custom_58b1af09\"><span class=\"w-text-h\"><span class=\"w-text-value\">WHO WE ARE | TEAM<\/span><\/span><\/h2><div class=\"wpb_text_column us_custom_432d3f53\"><div class=\"wpb_wrapper\"><p>SONAGRE was established in Madrid on August 3, 2023, with the European Unified Identification Number (EUID) ES28065.082184858. Its purpose was to act as a holding company for the development of the <a href=\"#_Proyectos\">Projects<\/a> described in this presentation.<\/p>\n<p>Each project will be managed by a Company or Group of Companies that can operate independently, although dependent of SONAGRE. All of them share a common philosophy: the &#8220;Circular Economy,&#8221; each serving as a link in a chain that enables fully renewable production. This structure will provide greater agility and management independence to the holding company.<\/p>\n<p>SONAGRE&#8217;s CEO is, <strong>Jos\u00e9 Fernando Zato y G\u00f3mez de Lia\u00f1o, <\/strong>Civil Engineer.<\/p>\n<p>&nbsp;<\/p>\n<p>SONAGRE&#8217;s projects are the result of years of research by public and private sector professionals, all top-level experts in the disciplines that make up the company: <a href=\"#_Silicio\">Silicon<\/a>, <a href=\"#_LIB\">Lithium-ion Batteries (LIB)<\/a>, <a href=\"#_Energ\u00eda,_Petr\u00f3leo_&amp;\">Energy, Oil &amp; Gas<\/a>, <a href=\"#_Iberian_Chips\">Chips<\/a>, and most recently <a href=\"#_Generaci\u00f3n_e\u00f3lica\">Offshore Wind Power<\/a>.<\/p>\n<p>Each of these teams has been working independently, yet in a coordinated manner, on the technical evaluations of the projects and their basic designs, on market studies, on financing needs, and on the design of each of the holding companies. The holding&#8217;s structure will be completed with the acquisition of stakes in several engineering companies that will develop SONAGRE&#8217;s know-how and coordinate the integration and commissioning of its complexes.<\/p>\n<\/div><\/div><div class=\"w-separator size_small\"><\/div><div class=\"g-cols wpb_row via_flex valign_top type_default stacking_default\"><div class=\"vc_col-sm-12 wpb_column vc_column_container\"><div class=\"vc_column-inner\"><div class=\"wpb_wrapper\"><div class=\"w-btn-wrapper align_center\"><a class=\"w-btn us-btn-style_16\" href=\"#valores\"><span class=\"w-btn-label\">VALUES<\/span><\/a><\/div><\/div><\/div><\/div><\/div><\/div><\/div><\/div><div class=\"vc_col-sm-6 vc_hidden-xs wpb_column vc_column_container\"><div class=\"vc_column-inner\"><div class=\"wpb_wrapper\"><div class=\"w-image style_shadow-1 align_none\"><div class=\"w-image-h\"><img decoding=\"async\" width=\"685\" height=\"1024\" src=\"https:\/\/sonagre.com\/wp-content\/uploads\/2024\/06\/Rascacielos-685x1024.jpg\" class=\"attachment-large size-large\" alt=\"\" loading=\"lazy\" srcset=\"https:\/\/sonagre.com\/wp-content\/uploads\/2024\/06\/Rascacielos-685x1024.jpg 685w, https:\/\/sonagre.com\/wp-content\/uploads\/2024\/06\/Rascacielos-201x300.jpg 201w, https:\/\/sonagre.com\/wp-content\/uploads\/2024\/06\/Rascacielos-1028x1536.jpg 1028w, https:\/\/sonagre.com\/wp-content\/uploads\/2024\/06\/Rascacielos-402x600.jpg 402w, https:\/\/sonagre.com\/wp-content\/uploads\/2024\/06\/Rascacielos-335x500.jpg 335w, https:\/\/sonagre.com\/wp-content\/uploads\/2024\/06\/Rascacielos-268x400.jpg 268w, https:\/\/sonagre.com\/wp-content\/uploads\/2024\/06\/Rascacielos.jpg 1296w\" sizes=\"(max-width: 685px) 100vw, 685px\" \/><\/div><\/div><\/div><\/div><\/div><\/div><\/div><\/section><section class=\"l-section wpb_row height_medium\" id=\"valores\"><div class=\"l-section-h i-cf\"><div class=\"g-cols vc_row via_flex valign_top type_default stacking_default\" style=\"--additional-gap:10px;\"><div class=\"vc_col-sm-6 wpb_column vc_column_container\"><div class=\"vc_column-inner type_sticky\"><div class=\"wpb_wrapper\"><div class=\"w-image style_shadow-1 align_none\"><div class=\"w-image-h\"><img decoding=\"async\" width=\"1024\" height=\"765\" src=\"https:\/\/sonagre.com\/wp-content\/uploads\/2024\/06\/sustainable-development-goals-still-life-1024x765.jpg\" class=\"attachment-large size-large\" alt=\"\" loading=\"lazy\" srcset=\"https:\/\/sonagre.com\/wp-content\/uploads\/2024\/06\/sustainable-development-goals-still-life-1024x765.jpg 1024w, https:\/\/sonagre.com\/wp-content\/uploads\/2024\/06\/sustainable-development-goals-still-life-300x224.jpg 300w, https:\/\/sonagre.com\/wp-content\/uploads\/2024\/06\/sustainable-development-goals-still-life-1536x1147.jpg 1536w, https:\/\/sonagre.com\/wp-content\/uploads\/2024\/06\/sustainable-development-goals-still-life-600x448.jpg 600w, https:\/\/sonagre.com\/wp-content\/uploads\/2024\/06\/sustainable-development-goals-still-life-500x373.jpg 500w, https:\/\/sonagre.com\/wp-content\/uploads\/2024\/06\/sustainable-development-goals-still-life-400x299.jpg 400w, https:\/\/sonagre.com\/wp-content\/uploads\/2024\/06\/sustainable-development-goals-still-life.jpg 1920w\" sizes=\"(max-width: 1024px) 100vw, 1024px\" \/><\/div><\/div><\/div><\/div><\/div><div class=\"vc_col-sm-6 wpb_column vc_column_container\"><div class=\"vc_column-inner\"><div class=\"wpb_wrapper\"><h2 class=\"w-text us_custom_58b1af09\"><span class=\"w-text-h\"><span class=\"w-text-value\">VALUES<\/span><\/span><\/h2><div class=\"wpb_text_column\"><div class=\"wpb_wrapper\"><p>All SONAGRE projects are developed strictly following the principles of the <strong>Circular Economy<\/strong> according to the UNECE (United Nations Economic Commission for Europe), which implies that:<\/p>\n<ul>\n<li>At least 90 percent of all raw materials used come from <strong>reuse<\/strong> and at least 90 percent will be recoverable.<\/li>\n<li>The energy consumed comes from <strong>renewable <\/strong><\/li>\n<li>The production process does not contribute pollution to the <strong>environment<\/strong>.<\/li>\n<\/ul>\n<p>The Circular Economy is a regenerative system in which resource input and waste, emissions, and energy leaks are minimized through design, maintenance, repair, reuse, sharing, reconditioning, and, ultimately, the recovery of raw materials to manufacture new elements.<\/p>\n<p>It is the opposite of the throwaway philosophy that has dominated consumption since the 1990\u2019s.<\/p>\n<p>The key to achieving this goal is a strong investment in technology and the human resources to develop it. Each area of work at SONAGRE will have its own R&amp;D department supported by specialized university research centers, funding its activities with up to 15% of the profit from each production complex.<\/p>\n<\/div><\/div><div class=\"w-separator size_small\"><\/div><div class=\"g-cols wpb_row via_flex valign_top type_default stacking_default\"><div class=\"vc_col-sm-12 wpb_column vc_column_container\"><div class=\"vc_column-inner\"><div class=\"wpb_wrapper\"><div class=\"w-btn-wrapper align_center\"><a class=\"w-btn us-btn-style_16\" href=\"#team\"><span class=\"w-btn-label\">INVESTMENT &amp; FINANCING<\/span><\/a><\/div><\/div><\/div><\/div><\/div><\/div><\/div><\/div><\/div><\/div><\/section><section class=\"l-section wpb_row height_medium\" id=\"team\"><div class=\"l-section-h i-cf\"><div class=\"g-cols vc_row via_flex valign_middle type_default reversed stacking_default\" style=\"--additional-gap:10px;\"><div class=\"vc_col-sm-6 wpb_column vc_column_container\"><div class=\"vc_column-inner\"><div class=\"wpb_wrapper\"><h2 class=\"w-text us_custom_58b1af09\"><span class=\"w-text-h\"><span class=\"w-text-value\">INVESTMENT &amp; FINANCING<\/span><\/span><\/h2><div class=\"wpb_text_column\"><div class=\"wpb_wrapper\"><p>The volume of financing required for the development of Sonagre projects implies highly complex documentation that has been submitted to all financial institutions. SONAGRE has adapted its feasibility studies to the credit assessment standards established by the Basel III guidelines for corporations, specifically Section 20.48 of CRE20, version of January 1, 2023, published by the Basel Committee.<\/p>\n<p>SONAGRE&#8217;s projects are financed with a mix of equity and already approved FID (Final Investment Decision) financing agreements, syndicated by an AA-rated Italian bank and two other AAA+-rated European banks.<\/p>\n<p>Investment in the Onubensis Chips and Onubensis Green Projects will be undertaken through reinvestment of project returns from the Onubensis Silicon complex.<\/p>\n<p>All SONAGRE funds will be managed through a financial institution, <strong>CECA Austral<\/strong>, currently under construction, with a tax domicile in the Canary Islands and executive offices in Madrid and Palma de Mallorca.<\/p>\n<\/div><\/div><\/div><\/div><\/div><div class=\"vc_col-sm-6 wpb_column vc_column_container\"><div class=\"vc_column-inner\"><div class=\"wpb_wrapper\"><div class=\"w-image style_shadow-1 align_none\"><div class=\"w-image-h\"><img decoding=\"async\" width=\"565\" height=\"461\" src=\"https:\/\/sonagre.com\/wp-content\/uploads\/2025\/07\/Tabla_Investment.png\" class=\"attachment-us_600_500_crop size-us_600_500_crop\" alt=\"\" loading=\"lazy\" srcset=\"https:\/\/sonagre.com\/wp-content\/uploads\/2025\/07\/Tabla_Investment.png 565w, https:\/\/sonagre.com\/wp-content\/uploads\/2025\/07\/Tabla_Investment-300x245.png 300w, https:\/\/sonagre.com\/wp-content\/uploads\/2025\/07\/Tabla_Investment-500x408.png 500w, https:\/\/sonagre.com\/wp-content\/uploads\/2025\/07\/Tabla_Investment-400x326.png 400w\" sizes=\"(max-width: 565px) 100vw, 565px\" \/><\/div><\/div><\/div><\/div><\/div><\/div><\/div><\/section><section class=\"l-section wpb_row height_custom with_img parallax_fixed\"><div class=\"l-section-img\" role=\"img\" data-img-width=\"1622\" data-img-height=\"1080\" style=\"background-image: url(https:\/\/sonagre.com\/wp-content\/uploads\/2024\/05\/Mar-de-STROG-Grande.jpg);background-repeat: no-repeat;\"><\/div><div class=\"l-section-overlay\" style=\"background:rgba(26,26,26,0.50)\"><\/div><div class=\"l-section-h i-cf\"><div class=\"g-cols vc_row via_flex valign_top type_default stacking_default\"><div class=\"vc_col-sm-12 wpb_column vc_column_container us_animate_fade\" style=\"animation-delay:0.2s\"><div class=\"vc_column-inner\"><div class=\"wpb_wrapper\"><div class=\"g-cols wpb_row via_flex valign_top type_default stacking_default\"><div class=\"vc_col-sm-3 wpb_column vc_column_container\"><div class=\"vc_column-inner\"><div class=\"wpb_wrapper\"><\/div><\/div><\/div><div class=\"vc_col-sm-6 wpb_column vc_column_container\"><div class=\"vc_column-inner\"><div class=\"wpb_wrapper\"><div class=\"wpb_text_column us_custom_e3e0702a has_text_color\"><div class=\"wpb_wrapper\"><p style=\"text-align: center;\">SONAGRE\u2019s technical team that has collaborated in the development of the project since its inception, will be complemented by the technicians who are currently part of the subsidiaries of SAMIR as well as experts in the different areas from other engineering companies where SONAGRE has a stake.<\/p>\n<\/div><\/div><\/div><\/div><\/div><div class=\"vc_col-sm-3 wpb_column vc_column_container\"><div class=\"vc_column-inner\"><div class=\"wpb_wrapper\"><\/div><\/div><\/div><\/div><\/div><\/div><\/div><\/div><\/div><\/section><section class=\"l-section wpb_row height_small\"><div class=\"l-section-overlay\" style=\"background:#133040\"><\/div><div class=\"l-section-h i-cf\"><div class=\"g-cols vc_row via_flex valign_top type_default stacking_default\"><div class=\"vc_col-sm-12 wpb_column vc_column_container\"><div class=\"vc_column-inner\"><div class=\"wpb_wrapper\"><h5 class=\"w-text us_custom_b489043a has_text_color\"><span class=\"w-text-h\"><span class=\"w-text-value\">MORE INFORMATION?<\/span><\/span><\/h5><div class=\"w-btn-wrapper align_center\"><a class=\"w-btn us-btn-style_18 us_custom_1b04de86 icon_atleft\" href=\"https:\/\/sonagre.com\/en\/contacto\/\"><i class=\"far fa-comment-alt-dots\"><\/i><span class=\"w-btn-label\">CONTACT US<\/span><\/a><\/div><div class=\"w-hwrapper hide_on_default hide_on_laptops hide_on_tablets hide_on_mobiles valign_middle wrap align_center\"><div class=\"w-btn-wrapper align_none\"><a class=\"w-btn us-btn-style_5 icon_atleft\" href=\"tel:+34000000000\"><i class=\"fas fa-phone-alt\"><\/i><span class=\"w-btn-label\">Llama ahora<\/span><\/a><\/div><\/div><\/div><\/div><\/div><\/div><\/div><\/section>\n","protected":false},"excerpt":{"rendered":"ABOUTSONAGREWHO WE ARE | TEAMSONAGRE was established in Madrid on August 3, 2023, with the European Unified Identification Number (EUID) ES28065.082184858. Its purpose was to act as a holding company for the development of the Projects described in this presentation. Each project will be managed by a Company or Group of Companies that can operate...","protected":false},"author":2,"featured_media":0,"parent":0,"menu_order":0,"comment_status":"closed","ping_status":"closed","template":"","meta":{"footnotes":""},"_links":{"self":[{"href":"https:\/\/sonagre.com\/en\/wp-json\/wp\/v2\/pages\/9131"}],"collection":[{"href":"https:\/\/sonagre.com\/en\/wp-json\/wp\/v2\/pages"}],"about":[{"href":"https:\/\/sonagre.com\/en\/wp-json\/wp\/v2\/types\/page"}],"author":[{"embeddable":true,"href":"https:\/\/sonagre.com\/en\/wp-json\/wp\/v2\/users\/2"}],"replies":[{"embeddable":true,"href":"https:\/\/sonagre.com\/en\/wp-json\/wp\/v2\/comments?post=9131"}],"version-history":[{"count":10,"href":"https:\/\/sonagre.com\/en\/wp-json\/wp\/v2\/pages\/9131\/revisions"}],"predecessor-version":[{"id":9252,"href":"https:\/\/sonagre.com\/en\/wp-json\/wp\/v2\/pages\/9131\/revisions\/9252"}],"wp:attachment":[{"href":"https:\/\/sonagre.com\/en\/wp-json\/wp\/v2\/media?parent=9131"}],"curies":[{"name":"wp","href":"https:\/\/api.w.org\/{rel}","templated":true}]}}